{"id":2,"date":"2025-04-30T10:13:46","date_gmt":"2025-04-30T10:13:46","guid":{"rendered":"https:\/\/monicapeluqueria.rkinformatika.online\/?page_id=2"},"modified":"2025-05-07T13:42:40","modified_gmt":"2025-05-07T13:42:40","slug":"inicio","status":"publish","type":"page","link":"https:\/\/monicapeluqueria.com\/en\/","title":{"rendered":"Home"},"content":{"rendered":"<div data-elementor-type=\"wp-page\" data-elementor-id=\"2\" class=\"elementor elementor-2\" data-elementor-post-type=\"page\">\n\t\t\t\t<div class=\"elementor-element elementor-element-128ef7a e-con-full e-flex e-con e-parent\" data-id=\"128ef7a\" data-element_type=\"container\" data-e-type=\"container\" data-settings=\"{&quot;background_background&quot;:&quot;classic&quot;}\">\n\t\t<div class=\"elementor-element elementor-element-69396d2 e-con-full e-flex e-con e-child\" data-id=\"69396d2\" data-element_type=\"container\" data-e-type=\"container\">\n\t\t<div class=\"elementor-element elementor-element-225b16f e-con-full e-flex e-con e-child\" data-id=\"225b16f\" data-element_type=\"container\" data-e-type=\"container\">\n\t\t\t\t<div class=\"elementor-element elementor-element-b2c4919 animated-slow elementor-invisible elementor-widget elementor-widget-heading\" data-id=\"b2c4919\" data-element_type=\"widget\" data-e-type=\"widget\" data-settings=\"{&quot;_animation&quot;:&quot;fadeInLeft&quot;}\" data-widget_type=\"heading.default\">\n\t\t\t\t<div class=\"elementor-widget-container\">\n\t\t\t\t\t<h2 class=\"elementor-heading-title elementor-size-default\">WELCOME TO MONICA'S HAIR SALON<\/h2>\t\t\t\t<\/div>\n\t\t\t\t<\/div>\n\t\t\t\t<div class=\"elementor-element elementor-element-a66ce8f animated-slow elementor-invisible elementor-widget elementor-widget-heading\" data-id=\"a66ce8f\" data-element_type=\"widget\" data-e-type=\"widget\" data-settings=\"{&quot;_animation&quot;:&quot;fadeInLeft&quot;}\" data-widget_type=\"heading.default\">\n\t\t\t\t<div class=\"elementor-widget-container\">\n\t\t\t\t\t<h2 class=\"elementor-heading-title elementor-size-default\">Where what matters is not just how you look, but how you feel.<\/h2>\t\t\t\t<\/div>\n\t\t\t\t<\/div>\n\t\t\t\t<\/div>\n\t\t\t\t<\/div>\n\t\t\t\t<\/div>\n\t\t<div class=\"elementor-element elementor-element-c04d361 e-con-full e-flex e-con e-parent\" data-id=\"c04d361\" data-element_type=\"container\" data-e-type=\"container\" data-settings=\"{&quot;background_background&quot;:&quot;classic&quot;}\">\n\t\t<div class=\"elementor-element elementor-element-1669368 e-con-full e-flex e-con e-child\" data-id=\"1669368\" data-element_type=\"container\" data-e-type=\"container\">\n\t\t\t\t<div class=\"elementor-element elementor-element-c5338cc elementor-widget-divider--separator-type-pattern elementor-widget-divider--no-spacing elementor-widget-divider--view-line elementor-widget elementor-widget-divider\" data-id=\"c5338cc\" data-element_type=\"widget\" data-e-type=\"widget\" data-widget_type=\"divider.default\">\n\t\t\t\t<div class=\"elementor-widget-container\">\n\t\t\t\t\t\t\t<div class=\"elementor-divider\" style=\"--divider-pattern-url: url(&quot;data:image\/svg+xml,%3Csvg xmlns=&#039;http:\/\/www.w3.org\/2000\/svg&#039; preserveAspectRatio=&#039;none&#039; overflow=&#039;visible&#039; height=&#039;100%&#039; viewBox=&#039;0 0 24 24&#039; fill=&#039;black&#039; stroke=&#039;none&#039;%3E%3Cpath d=&#039;M24,8v12H0V8H24z M24,4v1H0V4H24z&#039;\/%3E%3C\/svg%3E&quot;);\">\n\t\t\t<span class=\"elementor-divider-separator\">\n\t\t\t\t\t\t<\/span>\n\t\t<\/div>\n\t\t\t\t\t\t<\/div>\n\t\t\t\t<\/div>\n\t\t\t\t<\/div>\n\t\t\t\t<\/div>\n\t\t<div class=\"elementor-element elementor-element-27f072f e-flex e-con-boxed e-con e-parent\" data-id=\"27f072f\" data-element_type=\"container\" data-e-type=\"container\" data-settings=\"{&quot;background_background&quot;:&quot;classic&quot;}\">\n\t\t\t\t\t<div class=\"e-con-inner\">\n\t\t<div class=\"elementor-element elementor-element-c0bf1ca e-con-full e-flex e-con e-child\" data-id=\"c0bf1ca\" data-element_type=\"container\" data-e-type=\"container\" data-settings=\"{&quot;background_background&quot;:&quot;classic&quot;}\">\n\t\t\t\t<div class=\"elementor-element elementor-element-0c63992 elementor-widget elementor-widget-heading\" data-id=\"0c63992\" data-element_type=\"widget\" data-e-type=\"widget\" data-widget_type=\"heading.default\">\n\t\t\t\t<div class=\"elementor-widget-container\">\n\t\t\t\t\t<h2 class=\"elementor-heading-title elementor-size-default\">NUESTRA HISTORIA<\/h2>\t\t\t\t<\/div>\n\t\t\t\t<\/div>\n\t\t\t\t<div class=\"elementor-element elementor-element-66b0130 elementor-widget elementor-widget-text-editor\" data-id=\"66b0130\" data-element_type=\"widget\" data-e-type=\"widget\" data-widget_type=\"text-editor.default\">\n\t\t\t\t<div class=\"elementor-widget-container\">\n\t\t\t\t\t\t\t\t\t<p class=\"\" data-start=\"208\" data-end=\"498\">M\u00f3nica lleva m\u00e1s de treinta a\u00f1os en el mundo de la peluquer\u00eda, aunque su pasi\u00f3n por este oficio empez\u00f3 mucho antes, cuando a\u00fan era una ni\u00f1a. Entre peines, tijeras y trenzas improvisadas en las cabezas de sus vecinas, fue descubriendo lo que m\u00e1s le gustaba hacer transformar, cuidar, crear.<\/p><p class=\"\" data-start=\"500\" data-end=\"808\">Ya entonces apuntaba maneras. Un d\u00eda decidi\u00f3 cortarse el pelo ella misma, y desde ese momento no dej\u00f3 de experimentar, aprender y so\u00f1ar con dedicarse a ello de forma profesional. Tras completar su formaci\u00f3n y adquirir experiencia en distintos salones, una idea empez\u00f3 a tomar fuerza, tener su propio espacio.<\/p><p class=\"\" data-start=\"810\" data-end=\"1157\">El impulso definitivo lleg\u00f3 una ma\u00f1ana cualquiera, tomando un caf\u00e9 con su hermana. Al enterarse de que un local en la calle Mayor de Los Belones se hab\u00eda quedado libre, no lo dud\u00f3. Fue, pregunt\u00f3\u2026 y lo alquil\u00f3. Con una mezcla de ilusi\u00f3n, determinaci\u00f3n y ese cosquilleo que acompa\u00f1a a las grandes decisiones, naci\u00f3 <strong>Peluquer\u00eda M\u00f3nica<\/strong> en mayo de 2017.<\/p><p class=\"\" data-start=\"1159\" data-end=\"1621\">Desde entonces, no ha dejado de crecer, rodeada de una clientela fiel que se ha convertido casi en familia. M\u00f3nica se siente profundamente agradecida por la confianza de quienes cruzan su puerta y le entregan algo tan personal como su imagen. Amante de los retos y de todo lo que implique creatividad, hay algo que le ilumina especialmente: trabajar con ni\u00f1os. Porque, al final, este oficio que empez\u00f3 en la infancia sigue creciendo cada d\u00eda con la misma pasi\u00f3n.<\/p>\t\t\t\t\t\t\t\t<\/div>\n\t\t\t\t<\/div>\n\t\t\t\t<\/div>\n\t\t\t\t\t<\/div>\n\t\t\t\t<\/div>\n\t\t<div class=\"elementor-element elementor-element-f207e43 e-con-full e-flex e-con e-parent\" data-id=\"f207e43\" data-element_type=\"container\" data-e-type=\"container\" data-settings=\"{&quot;background_background&quot;:&quot;classic&quot;}\">\n\t\t<div class=\"elementor-element elementor-element-eccd510 e-con-full e-flex e-con e-child\" data-id=\"eccd510\" data-element_type=\"container\" data-e-type=\"container\">\n\t\t\t\t<div class=\"elementor-element elementor-element-75bea8d elementor-widget-divider--separator-type-pattern elementor-widget-divider--no-spacing elementor-widget-divider--view-line elementor-widget elementor-widget-divider\" data-id=\"75bea8d\" data-element_type=\"widget\" data-e-type=\"widget\" data-widget_type=\"divider.default\">\n\t\t\t\t<div class=\"elementor-widget-container\">\n\t\t\t\t\t\t\t<div class=\"elementor-divider\" style=\"--divider-pattern-url: url(&quot;data:image\/svg+xml,%3Csvg xmlns=&#039;http:\/\/www.w3.org\/2000\/svg&#039; preserveAspectRatio=&#039;none&#039; overflow=&#039;visible&#039; height=&#039;100%&#039; viewBox=&#039;0 0 24 24&#039; fill=&#039;black&#039; stroke=&#039;none&#039;%3E%3Cpath d=&#039;M24,8v12H0V8H24z M24,4v1H0V4H24z&#039;\/%3E%3C\/svg%3E&quot;);\">\n\t\t\t<span class=\"elementor-divider-separator\">\n\t\t\t\t\t\t<\/span>\n\t\t<\/div>\n\t\t\t\t\t\t<\/div>\n\t\t\t\t<\/div>\n\t\t\t\t<\/div>\n\t\t\t\t<\/div>\n\t\t<div class=\"elementor-element elementor-element-78b4c07 e-flex e-con-boxed e-con e-parent\" data-id=\"78b4c07\" data-element_type=\"container\" data-e-type=\"container\" data-settings=\"{&quot;background_background&quot;:&quot;gradient&quot;}\">\n\t\t\t\t\t<div class=\"e-con-inner\">\n\t\t\t\t<div class=\"elementor-element elementor-element-6229ea1 elementor-invisible elementor-widget elementor-widget-heading\" data-id=\"6229ea1\" data-element_type=\"widget\" data-e-type=\"widget\" data-settings=\"{&quot;_animation&quot;:&quot;fadeIn&quot;}\" data-widget_type=\"heading.default\">\n\t\t\t\t<div class=\"elementor-widget-container\">\n\t\t\t\t\t<h2 class=\"elementor-heading-title elementor-size-default\">Descubre todo lo que podemos hacer por tu cabello.<\/h2>\t\t\t\t<\/div>\n\t\t\t\t<\/div>\n\t\t\t\t<div class=\"elementor-element elementor-element-fcd2b3c elementor-align-center elementor-invisible elementor-widget elementor-widget-button\" data-id=\"fcd2b3c\" data-element_type=\"widget\" data-e-type=\"widget\" data-settings=\"{&quot;_animation&quot;:&quot;fadeIn&quot;}\" data-widget_type=\"button.default\">\n\t\t\t\t<div class=\"elementor-widget-container\">\n\t\t\t\t\t\t\t\t\t<div class=\"elementor-button-wrapper\">\n\t\t\t\t\t<a class=\"elementor-button elementor-button-link elementor-size-sm\" href=\"https:\/\/monicapeluqueria.com\/en\/servicio\/\">\n\t\t\t\t\t\t<span class=\"elementor-button-content-wrapper\">\n\t\t\t\t\t\t\t\t\t<span class=\"elementor-button-text\">Ver Servicios<\/span>\n\t\t\t\t\t<\/span>\n\t\t\t\t\t<\/a>\n\t\t\t\t<\/div>\n\t\t\t\t\t\t\t\t<\/div>\n\t\t\t\t<\/div>\n\t\t\t\t\t<\/div>\n\t\t\t\t<\/div>\n\t\t\t\t<\/div>","protected":false},"excerpt":{"rendered":"<p>BIENVENIDO A PELUQUER\u00cdA M\u00d3NICA Donde lo importante no es solo c\u00f3mo te ves, sino c\u00f3mo te sientes. NUESTRA HISTORIA M\u00f3nica lleva m\u00e1s de treinta a\u00f1os en el mundo de la peluquer\u00eda, aunque su pasi\u00f3n por este oficio empez\u00f3 mucho antes, cuando a\u00fan era una ni\u00f1a. Entre peines, tijeras y trenzas improvisadas en las cabezas de [&hellip;]<\/p>\n","protected":false},"author":1,"featured_media":0,"parent":0,"menu_order":0,"comment_status":"closed","ping_status":"closed","template":"elementor_canvas","meta":{"footnotes":""},"class_list":["post-2","page","type-page","status-publish","hentry"],"yoast_head":"<!-- This site is optimized with the Yoast SEO plugin v27.3 - https:\/\/yoast.com\/product\/yoast-seo-wordpress\/ -->\n<title>Inicio - Peluquer\u00eda M\u00f3nica<\/title>\n<meta name=\"robots\" content=\"index, follow, max-snippet:-1, max-image-preview:large, max-video-preview:-1\" \/>\n<link rel=\"canonical\" href=\"https:\/\/monicapeluqueria.com\/en\/\" \/>\n<meta property=\"og:locale\" content=\"en_GB\" \/>\n<meta property=\"og:type\" content=\"article\" \/>\n<meta property=\"og:title\" content=\"Inicio - Peluquer\u00eda M\u00f3nica\" \/>\n<meta property=\"og:description\" content=\"BIENVENIDO A PELUQUER\u00cdA M\u00d3NICA Donde lo importante no es solo c\u00f3mo te ves, sino c\u00f3mo te sientes. NUESTRA HISTORIA M\u00f3nica lleva m\u00e1s de treinta a\u00f1os en el mundo de la peluquer\u00eda, aunque su pasi\u00f3n por este oficio empez\u00f3 mucho antes, cuando a\u00fan era una ni\u00f1a. Entre peines, tijeras y trenzas improvisadas en las cabezas de [&hellip;]\" \/>\n<meta property=\"og:url\" content=\"https:\/\/monicapeluqueria.com\/en\/\" \/>\n<meta property=\"og:site_name\" content=\"Peluquer\u00eda M\u00f3nica\" \/>\n<meta property=\"article:modified_time\" content=\"2025-05-07T13:42:40+00:00\" \/>\n<meta name=\"twitter:card\" content=\"summary_large_image\" \/>\n<meta name=\"twitter:label1\" content=\"Estimated reading time\" \/>\n\t<meta name=\"twitter:data1\" content=\"2 minutes\" \/>\n<script type=\"application\/ld+json\" class=\"yoast-schema-graph\">{\"@context\":\"https:\\\/\\\/schema.org\",\"@graph\":[{\"@type\":\"WebPage\",\"@id\":\"https:\\\/\\\/monicapeluqueria.com\\\/\",\"url\":\"https:\\\/\\\/monicapeluqueria.com\\\/\",\"name\":\"Inicio - Peluquer\u00eda M\u00f3nica\",\"isPartOf\":{\"@id\":\"https:\\\/\\\/monicapeluqueria.com\\\/#website\"},\"datePublished\":\"2025-04-30T10:13:46+00:00\",\"dateModified\":\"2025-05-07T13:42:40+00:00\",\"breadcrumb\":{\"@id\":\"https:\\\/\\\/monicapeluqueria.com\\\/#breadcrumb\"},\"inLanguage\":\"en-GB\",\"potentialAction\":[{\"@type\":\"ReadAction\",\"target\":[\"https:\\\/\\\/monicapeluqueria.com\\\/\"]}]},{\"@type\":\"BreadcrumbList\",\"@id\":\"https:\\\/\\\/monicapeluqueria.com\\\/#breadcrumb\",\"itemListElement\":[{\"@type\":\"ListItem\",\"position\":1,\"name\":\"Portada\",\"item\":\"https:\\\/\\\/monicapeluqueria.com\\\/\"},{\"@type\":\"ListItem\",\"position\":2,\"name\":\"Inicio\"}]},{\"@type\":\"WebSite\",\"@id\":\"https:\\\/\\\/monicapeluqueria.com\\\/#website\",\"url\":\"https:\\\/\\\/monicapeluqueria.com\\\/\",\"name\":\"Peluquer\u00eda M\u00f3nica\",\"description\":\"Peluquer\u00eda M\u00f3nica es un lugar especial donde, m\u00e1s que cortar o peinar, se crean experiencias con dedicaci\u00f3n, cercan\u00eda y pasi\u00f3n. M\u00f3nica combina t\u00e9cnica y vocaci\u00f3n, ofreciendo un trato personal que hace que cada cliente quiera volver.\",\"publisher\":{\"@id\":\"https:\\\/\\\/monicapeluqueria.com\\\/#organization\"},\"potentialAction\":[{\"@type\":\"SearchAction\",\"target\":{\"@type\":\"EntryPoint\",\"urlTemplate\":\"https:\\\/\\\/monicapeluqueria.com\\\/?s={search_term_string}\"},\"query-input\":{\"@type\":\"PropertyValueSpecification\",\"valueRequired\":true,\"valueName\":\"search_term_string\"}}],\"inLanguage\":\"en-GB\"},{\"@type\":\"Organization\",\"@id\":\"https:\\\/\\\/monicapeluqueria.com\\\/#organization\",\"name\":\"Peluquer\u00eda M\u00f3nica\",\"url\":\"https:\\\/\\\/monicapeluqueria.com\\\/\",\"logo\":{\"@type\":\"ImageObject\",\"inLanguage\":\"en-GB\",\"@id\":\"https:\\\/\\\/monicapeluqueria.com\\\/#\\\/schema\\\/logo\\\/image\\\/\",\"url\":\"https:\\\/\\\/monicapeluqueria.com\\\/wp-content\\\/uploads\\\/2025\\\/05\\\/cropped-WhatsApp-Image-2025-04-30-at-09.38.03-1.jpeg\",\"contentUrl\":\"https:\\\/\\\/monicapeluqueria.com\\\/wp-content\\\/uploads\\\/2025\\\/05\\\/cropped-WhatsApp-Image-2025-04-30-at-09.38.03-1.jpeg\",\"width\":2047,\"height\":763,\"caption\":\"Peluquer\u00eda M\u00f3nica \"},\"image\":{\"@id\":\"https:\\\/\\\/monicapeluqueria.com\\\/#\\\/schema\\\/logo\\\/image\\\/\"}}]}<\/script>\n<!-- \/ Yoast SEO plugin. -->","yoast_head_json":{"title":"Inicio - Peluquer\u00eda M\u00f3nica","robots":{"index":"index","follow":"follow","max-snippet":"max-snippet:-1","max-image-preview":"max-image-preview:large","max-video-preview":"max-video-preview:-1"},"canonical":"https:\/\/monicapeluqueria.com\/en\/","og_locale":"en_GB","og_type":"article","og_title":"Inicio - Peluquer\u00eda M\u00f3nica","og_description":"BIENVENIDO A PELUQUER\u00cdA M\u00d3NICA Donde lo importante no es solo c\u00f3mo te ves, sino c\u00f3mo te sientes. NUESTRA HISTORIA M\u00f3nica lleva m\u00e1s de treinta a\u00f1os en el mundo de la peluquer\u00eda, aunque su pasi\u00f3n por este oficio empez\u00f3 mucho antes, cuando a\u00fan era una ni\u00f1a. Entre peines, tijeras y trenzas improvisadas en las cabezas de [&hellip;]","og_url":"https:\/\/monicapeluqueria.com\/en\/","og_site_name":"Peluquer\u00eda M\u00f3nica","article_modified_time":"2025-05-07T13:42:40+00:00","twitter_card":"summary_large_image","twitter_misc":{"Estimated reading time":"2 minutes"},"schema":{"@context":"https:\/\/schema.org","@graph":[{"@type":"WebPage","@id":"https:\/\/monicapeluqueria.com\/","url":"https:\/\/monicapeluqueria.com\/","name":"Inicio - Peluquer\u00eda M\u00f3nica","isPartOf":{"@id":"https:\/\/monicapeluqueria.com\/#website"},"datePublished":"2025-04-30T10:13:46+00:00","dateModified":"2025-05-07T13:42:40+00:00","breadcrumb":{"@id":"https:\/\/monicapeluqueria.com\/#breadcrumb"},"inLanguage":"en-GB","potentialAction":[{"@type":"ReadAction","target":["https:\/\/monicapeluqueria.com\/"]}]},{"@type":"BreadcrumbList","@id":"https:\/\/monicapeluqueria.com\/#breadcrumb","itemListElement":[{"@type":"ListItem","position":1,"name":"Portada","item":"https:\/\/monicapeluqueria.com\/"},{"@type":"ListItem","position":2,"name":"Inicio"}]},{"@type":"WebSite","@id":"https:\/\/monicapeluqueria.com\/#website","url":"https:\/\/monicapeluqueria.com\/","name":"Peluquer\u00eda M\u00f3nica","description":"Peluquer\u00eda M\u00f3nica es un lugar especial donde, m\u00e1s que cortar o peinar, se crean experiencias con dedicaci\u00f3n, cercan\u00eda y pasi\u00f3n. M\u00f3nica combina t\u00e9cnica y vocaci\u00f3n, ofreciendo un trato personal que hace que cada cliente quiera volver.","publisher":{"@id":"https:\/\/monicapeluqueria.com\/#organization"},"potentialAction":[{"@type":"SearchAction","target":{"@type":"EntryPoint","urlTemplate":"https:\/\/monicapeluqueria.com\/?s={search_term_string}"},"query-input":{"@type":"PropertyValueSpecification","valueRequired":true,"valueName":"search_term_string"}}],"inLanguage":"en-GB"},{"@type":"Organization","@id":"https:\/\/monicapeluqueria.com\/#organization","name":"Peluquer\u00eda M\u00f3nica","url":"https:\/\/monicapeluqueria.com\/","logo":{"@type":"ImageObject","inLanguage":"en-GB","@id":"https:\/\/monicapeluqueria.com\/#\/schema\/logo\/image\/","url":"https:\/\/monicapeluqueria.com\/wp-content\/uploads\/2025\/05\/cropped-WhatsApp-Image-2025-04-30-at-09.38.03-1.jpeg","contentUrl":"https:\/\/monicapeluqueria.com\/wp-content\/uploads\/2025\/05\/cropped-WhatsApp-Image-2025-04-30-at-09.38.03-1.jpeg","width":2047,"height":763,"caption":"Peluquer\u00eda M\u00f3nica "},"image":{"@id":"https:\/\/monicapeluqueria.com\/#\/schema\/logo\/image\/"}}]}},"_links":{"self":[{"href":"https:\/\/monicapeluqueria.com\/en\/wp-json\/wp\/v2\/pages\/2","targetHints":{"allow":["GET"]}}],"collection":[{"href":"https:\/\/monicapeluqueria.com\/en\/wp-json\/wp\/v2\/pages"}],"about":[{"href":"https:\/\/monicapeluqueria.com\/en\/wp-json\/wp\/v2\/types\/page"}],"author":[{"embeddable":true,"href":"https:\/\/monicapeluqueria.com\/en\/wp-json\/wp\/v2\/users\/1"}],"replies":[{"embeddable":true,"href":"https:\/\/monicapeluqueria.com\/en\/wp-json\/wp\/v2\/comments?post=2"}],"version-history":[{"count":343,"href":"https:\/\/monicapeluqueria.com\/en\/wp-json\/wp\/v2\/pages\/2\/revisions"}],"predecessor-version":[{"id":901,"href":"https:\/\/monicapeluqueria.com\/en\/wp-json\/wp\/v2\/pages\/2\/revisions\/901"}],"wp:attachment":[{"href":"https:\/\/monicapeluqueria.com\/en\/wp-json\/wp\/v2\/media?parent=2"}],"curies":[{"name":"wp","href":"https:\/\/api.w.org\/{rel}","templated":true}]}}